{"id":220,"date":"2019-06-06T15:38:47","date_gmt":"2019-06-06T19:38:47","guid":{"rendered":"https:\/\/ppgeducacaocptl.ufms.br\/?page_id=220"},"modified":"2025-09-16T14:50:58","modified_gmt":"2025-09-16T18:50:58","slug":"coordenacao","status":"publish","type":"page","link":"https:\/\/ppgeducacaocptl.ufms.br\/en\/coordenacao\/","title":{"rendered":"Coordena\u00e7\u00e3o do Curso"},"content":{"rendered":"<div class=\"ydpf8c823e9signature\">\n<p>Prof\u00aa Dra. Ione da Silva Cunha Nogueira<br \/>\nCoordenadora do Programa de P\u00f3s Gradua\u00e7\u00e3o em Educa\u00e7\u00e3o \u2013 Mestrado \u2013 UFMS\/CPTL<br \/>\nLattes:https:\/\/lattes.cnpq.br\/8911270255557076<br \/>\nORCID: 0000-0003-4179-2166<\/p>\n<p>Prof\u00aa Dra. S\u00edlvia Adriana Rodrigues<br \/>\nSubstituta da Coordena\u00e7\u00e3o<br \/>\nLattes: http:\/\/lattes.cnpq.br\/4514642359270091<br \/>\nOrcid: 0000-0003-1249-3976<\/p>\n<\/div>\n<div><\/div>\n<p dir=\"ltr\">\n","protected":false},"excerpt":{"rendered":"<p>Prof\u00aa Dra. Ione da Silva Cunha Nogueira Coordenadora do Programa de P\u00f3s Gradua\u00e7\u00e3o em Educa\u00e7\u00e3o \u2013 Mestrado \u2013 UFMS\/CPTL Lattes:https:\/\/lattes.cnpq.br\/8911270255557076 ORCID: 0000-0003-4179-2166 Prof\u00aa Dra. S\u00edlvia Adriana Rodrigues Substituta da Coordena\u00e7\u00e3o Lattes: http:\/\/lattes.cnpq.br\/4514642359270091 Orcid: 0000-0003-1249-3976<\/p>\n","protected":false},"author":5806,"featured_media":0,"parent":0,"menu_order":0,"comment_status":"closed","ping_status":"closed","template":"","meta":{"footnotes":""},"coauthors":[17],"class_list":["post-220","page","type-page","status-publish","hentry"],"_links":{"self":[{"href":"https:\/\/ppgeducacaocptl.ufms.br\/en\/wp-json\/wp\/v2\/pages\/220","targetHints":{"allow":["GET"]}}],"collection":[{"href":"https:\/\/ppgeducacaocptl.ufms.br\/en\/wp-json\/wp\/v2\/pages"}],"about":[{"href":"https:\/\/ppgeducacaocptl.ufms.br\/en\/wp-json\/wp\/v2\/types\/page"}],"author":[{"embeddable":true,"href":"https:\/\/ppgeducacaocptl.ufms.br\/en\/wp-json\/wp\/v2\/users\/5806"}],"replies":[{"embeddable":true,"href":"https:\/\/ppgeducacaocptl.ufms.br\/en\/wp-json\/wp\/v2\/comments?post=220"}],"version-history":[{"count":11,"href":"https:\/\/ppgeducacaocptl.ufms.br\/en\/wp-json\/wp\/v2\/pages\/220\/revisions"}],"predecessor-version":[{"id":4125,"href":"https:\/\/ppgeducacaocptl.ufms.br\/en\/wp-json\/wp\/v2\/pages\/220\/revisions\/4125"}],"wp:attachment":[{"href":"https:\/\/ppgeducacaocptl.ufms.br\/en\/wp-json\/wp\/v2\/media?parent=220"}],"wp:term":[{"taxonomy":"author","embeddable":true,"href":"https:\/\/ppgeducacaocptl.ufms.br\/en\/wp-json\/wp\/v2\/coauthors?post=220"}],"curies":[{"name":"wp","href":"https:\/\/api.w.org\/{rel}","templated":true}]}}