{"id":222,"date":"2019-06-06T15:39:17","date_gmt":"2019-06-06T19:39:17","guid":{"rendered":"https:\/\/ppgeducacaocptl.ufms.br\/?page_id=222"},"modified":"2026-03-24T11:50:01","modified_gmt":"2026-03-24T15:50:01","slug":"documentos-importantes","status":"publish","type":"page","link":"https:\/\/ppgeducacaocptl.ufms.br\/en\/documentos-importantes\/","title":{"rendered":"Documentos, Resolu\u00e7\u00f5es e Regulamentos"},"content":{"rendered":"&nbsp;<\/p>\n<p><strong>Documentos Diversos<\/strong><\/p>\n<ol>\n<li><span style=\"font-family: georgia, palatino, serif;font-size: 12pt\"><a href=\"https:\/\/ppgeducacaocptl.ufms.br\/files\/2020\/06\/ANEXO-II-DECLARAC\u0327A\u0303O_Esta\u0301gio-Doce\u0302ncia-1.doc\">Declara\u00e7\u00e3o para realiza\u00e7\u00e3o de Esta\u0301gio Doce\u0302ncia<\/a><\/span><\/li>\n<li><span style=\"font-family: georgia, palatino, serif;font-size: 12pt\"><a href=\"https:\/\/ppgeducacaocptl.ufms.br\/files\/2019\/09\/2019-09-24-RES-36-Esta\u0301gio-de-doce\u0302ncia-Anexos.doc\">Plano para realiza\u00e7\u00e3o de Est\u00e1gio de Doc\u00eancia<\/a><\/span><\/li>\n<li><span style=\"font-size: 12pt;font-family: georgia, palatino, serif\"><a href=\"https:\/\/ppgeducacaocptl.ufms.br\/files\/2022\/03\/procedimentos-atendimento-secretaria.pdf\">Procedimentos atendimento \u00e0 comunidade<\/a><br \/>\n<\/span><\/li>\n<li><span style=\"font-family: georgia, palatino, serif;font-size: 12pt\"><a href=\"https:\/\/ppgeducacaocptl.ufms.br\/files\/2019\/11\/RELATORIO-DE-ATIVIDADES-DE-BOLSISTAS.doc\">Relat\u00f3rio de Atividades de Bolsistas<\/a><\/span><\/li>\n<li><span style=\"font-size: 12pt;font-family: georgia, palatino, serif\"><a href=\"https:\/\/ppgeducacaocptl.ufms.br\/files\/2019\/11\/RELAT\u00d3RIO-DE-EST\u00c1GIO-DE-DOC\u00caNCIA.doc\">Relat\u00f3rio de Est\u00e1gios de Doc\u00eancia\u00a0<\/a><\/span><\/li>\n<li><span style=\"font-family: georgia, palatino, serif;font-size: 12pt\"><a href=\"https:\/\/ppgeducacaocptl.ufms.br\/files\/2019\/09\/normas-regulamentadoras-dos-procedimentos-de-cadastro-submissa\u0303o-ana\u0301lise-prorrogac\u0327a\u0303o-e-vige\u0302ncia-de-projetos-de-pesquisa-.pdf\">Normas para cadastro, submissa\u0303o, ana\u0301lise, prorrogac\u0327a\u0303o e vige\u0302ncia de projetos de pesquisa\/UFMS<\/a><\/span><\/li>\n<li><span style=\"font-family: georgia, palatino, serif;font-size: 12pt\"><a href=\"https:\/\/ppgeducacaocptl.ufms.br\/files\/2019\/09\/normas-regulamentadoras-dos-procedimentos-de-criac\u0327a\u0303o-certificac\u0327a\u0303o-e-manutenc\u0327a\u0303o-de-grupos-de-pesquisa.pdf\">Normas para criac\u0327a\u0303o, certificac\u0327a\u0303o e manutenc\u0327a\u0303o de grupos de pesquisa\/UFMS<\/a><\/span><\/li>\n<li><span style=\"font-size: 12pt;font-family: georgia, palatino, serif\"><a href=\"https:\/\/ppgeducacaocptl.ufms.br\/files\/2020\/05\/Procedimentos-para-solicitac%CC%A7a%CC%83o-de-bancas-de-qualificac%CC%A7a%CC%83o-e-defesa.pdf\">Procedimentos para solicitac\u0327a\u0303o de bancas de qualificac\u0327a\u0303o e defesa<\/a><\/span><\/li>\n<li>Procedimento para cadastro de membros em bancas: <a href=\"https:\/\/docs.google.com\/forms\/d\/e\/1FAIpQLSeNXVx-ZEn874XCMsxidds_5nuXJpPmpW6gObq9VKEEFvSbtw\/viewform?usp=sf\">https:\/\/docs.google.com\/forms\/d\/e\/1FAIpQLSeNXVx-ZEn874XCMsxidds_5nuXJpPmpW6gObq9VKEEFvSbtw\/viewform?usp=sf<\/a><\/li>\n<li><strong><a href=\"https:\/\/ppgeducacaocptl.ufms.br\/files\/2023\/10\/Nova-Tabela-Atividades-Especiais.docx\">Nova Tabela de Atividades Especiais<\/a><\/strong><\/li>\n<\/ol>\n<p>&nbsp;<\/p>\n<h3><span style=\"font-family: georgia, palatino, serif;font-size: 12pt\">Resolu\u00e7\u00f5es e Regulamentos<\/span><\/h3>\n<ol>\n<li>PROPOSTA DO CURSO <a href=\"https:\/\/ppgeducacaocptl.ufms.br\/files\/2023\/10\/APCN.pdf\">APCN<\/a><\/li>\n<li><span style=\"font-family: georgia, palatino, serif;font-size: 12pt;color: #0000ff\"><a style=\"color: #0000ff\" href=\"https:\/\/ppgeducacaocptl.ufms.br\/files\/2022\/06\/Novo-regulamento-geral-de-po\u0301s-graduac\u0327a\u0303o.pdf\">REGULAMENTO GERAL DA P\u00d3S GRADUA\u00c7\u00c3O <\/a><a style=\"color: #0000ff\" href=\"https:\/\/ppgeducacaocptl.ufms.br\/files\/2022\/06\/Novo-regulamento-geral-de-po\u0301s-graduac\u0327a\u0303o.pdf\"><em>STRICTO SENSU<\/em><\/a><\/span><\/li>\n<li><span style=\"color: #ff0000\"><span style=\"font-size: 12pt;font-family: georgia, palatino, serif\">NOVO REGULAMENTO DO CURSO<\/span><\/span><span style=\"font-size: 12pt;font-family: georgia, palatino, serif\"><span style=\"color: #ff0000\">: <a href=\"https:\/\/ppgeducacaocptl.ufms.br\/files\/2023\/07\/RESOLUCAO-No-640-COPP-UFMS-1.pdf\">RESOLU\u00c7\u00c3O N\u00ba 640-COPP-UFMS (1)<\/a><\/span><\/span><\/li>\n<li><span style=\"font-size: 12pt;font-family: georgia, palatino, serif\"><span style=\"color: #ff0000\"><a href=\"https:\/\/ppgeducacaocptl.ufms.br\/files\/2023\/01\/RESOLUCAO-PPG-EDU-CPTL-n-355-de-19-01-2023.-1.pdf\">RESOLUCAO (PPG EDU &#8211; CPTL) n 355, de 19-01-2023<\/a><\/span><\/span><\/li>\n<li><span style=\"font-size: 12pt;font-family: georgia, palatino, serif;color: #0000ff\"><a style=\"color: #0000ff\" href=\"https:\/\/ppgeducacaocptl.ufms.br\/files\/2020\/07\/AC_RESOLUCAO-n-44-de-07-07-2020.pdf\">REGULAMENTO DAS ATIVIDADES COMPLEMENTARES<\/a><\/span><\/li>\n<li><span style=\"font-size: 12pt;font-family: georgia, palatino, serif;color: #0000ff\"><a style=\"color: #0000ff\" href=\"https:\/\/ppgeducacaocptl.ufms.br\/files\/2019\/09\/2019-09-11-RES-36-REGULAMENTO-DO-ESTA\u0301GIO-DE-DOCE\u0302NCIA-AD-REFERENDUM.pdf\">REGULAMENTO DO ESTA\u0301GIO DE DOCE\u0302NCIA<\/a><\/span><\/li>\n<li><span style=\"font-size: 12pt;font-family: georgia, palatino, serif;color: #0000ff\"><a style=\"color: #0000ff\" href=\"https:\/\/ppgeducacaocptl.ufms.br\/files\/2019\/10\/REGULAMENTO-DE-SUFICIE\u0302NCIA-EM-LI\u0301NGUA-ESTRANGEIRA.pdf\">REGULAMENTO DE SUFICIE\u0302NCIA EM LI\u0301NGUA ESTRANGEIRA<\/a><\/span><\/li>\n<li><a href=\"https:\/\/ppgeducacaocptl.ufms.br\/files\/2023\/02\/SEI_UFMS-3859342-Resolucao.pdf\">Rela\u00e7\u00e3o orientador-orientando turma 2023<\/a><\/li>\n<li><strong><a href=\"https:\/\/ppgeducacaocptl.ufms.br\/files\/2024\/07\/RESOLUCAO-CPOS-EDU_CPTL-n-490-de-15-12-2023.pdf\">Regulamento para a Concess\u00e3o, Perman\u00eancia, Substitui\u00e7\u00e3o e Cancelamento de bolsas<\/a><\/strong><\/li>\n<\/ol>","protected":false},"excerpt":{"rendered":"<p>&nbsp; Documentos Diversos Declara\u00e7\u00e3o para realiza\u00e7\u00e3o de Esta\u0301gio Doce\u0302ncia Plano para realiza\u00e7\u00e3o de Est\u00e1gio de Doc\u00eancia Procedimentos atendimento \u00e0 comunidade Relat\u00f3rio de Atividades de Bolsistas Relat\u00f3rio de Est\u00e1gios de Doc\u00eancia\u00a0 Normas para cadastro, submissa\u0303o, ana\u0301lise, prorrogac\u0327a\u0303o e vige\u0302ncia de projetos de pesquisa\/UFMS Normas para criac\u0327a\u0303o, certificac\u0327a\u0303o e manutenc\u0327a\u0303o de grupos de pesquisa\/UFMS Procedimentos para solicitac\u0327a\u0303o [&hellip;]<\/p>\n","protected":false},"author":5806,"featured_media":0,"parent":0,"menu_order":0,"comment_status":"closed","ping_status":"closed","template":"","meta":{"footnotes":""},"coauthors":[17],"class_list":["post-222","page","type-page","status-publish","hentry"],"_links":{"self":[{"href":"https:\/\/ppgeducacaocptl.ufms.br\/en\/wp-json\/wp\/v2\/pages\/222","targetHints":{"allow":["GET"]}}],"collection":[{"href":"https:\/\/ppgeducacaocptl.ufms.br\/en\/wp-json\/wp\/v2\/pages"}],"about":[{"href":"https:\/\/ppgeducacaocptl.ufms.br\/en\/wp-json\/wp\/v2\/types\/page"}],"author":[{"embeddable":true,"href":"https:\/\/ppgeducacaocptl.ufms.br\/en\/wp-json\/wp\/v2\/users\/5806"}],"replies":[{"embeddable":true,"href":"https:\/\/ppgeducacaocptl.ufms.br\/en\/wp-json\/wp\/v2\/comments?post=222"}],"version-history":[{"count":79,"href":"https:\/\/ppgeducacaocptl.ufms.br\/en\/wp-json\/wp\/v2\/pages\/222\/revisions"}],"predecessor-version":[{"id":4305,"href":"https:\/\/ppgeducacaocptl.ufms.br\/en\/wp-json\/wp\/v2\/pages\/222\/revisions\/4305"}],"wp:attachment":[{"href":"https:\/\/ppgeducacaocptl.ufms.br\/en\/wp-json\/wp\/v2\/media?parent=222"}],"wp:term":[{"taxonomy":"author","embeddable":true,"href":"https:\/\/ppgeducacaocptl.ufms.br\/en\/wp-json\/wp\/v2\/coauthors?post=222"}],"curies":[{"name":"wp","href":"https:\/\/api.w.org\/{rel}","templated":true}]}}