{"id":234,"date":"2019-06-06T15:43:41","date_gmt":"2019-06-06T19:43:41","guid":{"rendered":"https:\/\/ppgeducacaocptl.ufms.br\/?page_id=234"},"modified":"2022-12-16T11:35:55","modified_gmt":"2022-12-16T15:35:55","slug":"tecnicos","status":"publish","type":"page","link":"https:\/\/ppgeducacaocptl.ufms.br\/en\/tecnicos\/","title":{"rendered":"T\u00e9cnicos"},"content":{"rendered":"<p>Secretaria Acad\u00eamica de P\u00f3s-Gradua\u00e7\u00e3o<\/p>\n<ul>\n<li>\n<h1 class=\"eYbsle mKq8g Da4KQe\"><span style=\"font-size: 8pt\">Matheus Augusto Cardoso da Silva\u00a0<\/span><\/h1>\n<p>&nbsp;<\/li>\n<\/ul>\n","protected":false},"excerpt":{"rendered":"<p>Secretaria Acad\u00eamica de P\u00f3s-Gradua\u00e7\u00e3o Matheus Augusto Cardoso da Silva\u00a0 &nbsp;<\/p>\n","protected":false},"author":5806,"featured_media":0,"parent":0,"menu_order":0,"comment_status":"closed","ping_status":"closed","template":"","meta":{"footnotes":""},"coauthors":[17],"class_list":["post-234","page","type-page","status-publish","hentry"],"_links":{"self":[{"href":"https:\/\/ppgeducacaocptl.ufms.br\/en\/wp-json\/wp\/v2\/pages\/234","targetHints":{"allow":["GET"]}}],"collection":[{"href":"https:\/\/ppgeducacaocptl.ufms.br\/en\/wp-json\/wp\/v2\/pages"}],"about":[{"href":"https:\/\/ppgeducacaocptl.ufms.br\/en\/wp-json\/wp\/v2\/types\/page"}],"author":[{"embeddable":true,"href":"https:\/\/ppgeducacaocptl.ufms.br\/en\/wp-json\/wp\/v2\/users\/5806"}],"replies":[{"embeddable":true,"href":"https:\/\/ppgeducacaocptl.ufms.br\/en\/wp-json\/wp\/v2\/comments?post=234"}],"version-history":[{"count":4,"href":"https:\/\/ppgeducacaocptl.ufms.br\/en\/wp-json\/wp\/v2\/pages\/234\/revisions"}],"predecessor-version":[{"id":2948,"href":"https:\/\/ppgeducacaocptl.ufms.br\/en\/wp-json\/wp\/v2\/pages\/234\/revisions\/2948"}],"wp:attachment":[{"href":"https:\/\/ppgeducacaocptl.ufms.br\/en\/wp-json\/wp\/v2\/media?parent=234"}],"wp:term":[{"taxonomy":"author","embeddable":true,"href":"https:\/\/ppgeducacaocptl.ufms.br\/en\/wp-json\/wp\/v2\/coauthors?post=234"}],"curies":[{"name":"wp","href":"https:\/\/api.w.org\/{rel}","templated":true}]}}