{"id":2783,"date":"2022-11-16T21:43:47","date_gmt":"2022-11-17T01:43:47","guid":{"rendered":"https:\/\/ppgeducacaocptl.ufms.br\/?page_id=2783"},"modified":"2022-11-16T21:49:59","modified_gmt":"2022-11-17T01:49:59","slug":"pessoas-2","status":"publish","type":"page","link":"https:\/\/ppgeducacaocptl.ufms.br\/en\/pessoas-2\/","title":{"rendered":"Comit\u00ea de \u00c9tica em Pesquisa em Seres Humanos"},"content":{"rendered":"<p><strong><a href=\"http:\/\/cep.draconis.ufms.br\/\">Comit\u00ea de \u00c9tica em Pesquisa em Seres Humanos<\/a><\/strong><\/p>\n<h5>Sobre o Comit\u00ea<\/h5>\n<p>O Comit\u00ea de \u00c9tica em Pesquisa (CEP) da Universidade Federal de \u00a0Mato \u00a0 Grosso do \u00a0Sul foi criado no \u00e2mbito desta \u00a0Institui\u00e7\u00e3o pela Instru\u00e7\u00e3o de Servi\u00e7o 005, de 18 de fevereiro 1997, e reconhecido pela Reitoria atrav\u00e9s da Portaria 781, de 3 de dezembro de 1988, estando \u00a0credenciado para exercer suas finalidades junto a Comiss\u00e3o Nacional de \u00c9tica em Pesquisa (<a title=\"CONEP\" href=\"http:\/\/conselho.saude.gov.br\/web_comissoes\/conep\/index.html\" target=\"_blank\" rel=\"noopener noreferrer\">CONEP<\/a>) do Minist\u00e9rio da Sa\u00fade desde o dia 18 de mar\u00e7o de 1997. O CEP \u00e9 um \u00f3rg\u00e3o consultivo, educativo e fiscalizador.<\/p>\n<hr \/>\n<p><strong>Fluxograma<\/strong>: Cadastro de Projeto no Sistema Plataforma Brasil<\/p>\n<p><a href=\"https:\/\/propp.ufms.br\/files\/2019\/11\/Mapeamento-CEP.png\" rel=\"lightbox[194]\"><img fetchpriority=\"high\" decoding=\"async\" class=\"alignnone size-medium wp-image-9286\" src=\"https:\/\/propp.ufms.br\/files\/2019\/11\/Mapeamento-CEP-300x188.png\" alt=\"\" width=\"300\" height=\"188\" \/><\/a><\/p>\n","protected":false},"excerpt":{"rendered":"<p>Comit\u00ea de \u00c9tica em Pesquisa em Seres Humanos Sobre o Comit\u00ea O Comit\u00ea de \u00c9tica em Pesquisa (CEP) da Universidade Federal de \u00a0Mato \u00a0 Grosso do \u00a0Sul foi criado no \u00e2mbito desta \u00a0Institui\u00e7\u00e3o pela Instru\u00e7\u00e3o de Servi\u00e7o 005, de 18 de fevereiro 1997, e reconhecido pela Reitoria atrav\u00e9s da Portaria 781, de 3 de dezembro [&hellip;]<\/p>\n","protected":false},"author":2254,"featured_media":0,"parent":0,"menu_order":0,"comment_status":"closed","ping_status":"closed","template":"","meta":{"footnotes":""},"coauthors":[28],"class_list":["post-2783","page","type-page","status-publish","hentry"],"_links":{"self":[{"href":"https:\/\/ppgeducacaocptl.ufms.br\/en\/wp-json\/wp\/v2\/pages\/2783","targetHints":{"allow":["GET"]}}],"collection":[{"href":"https:\/\/ppgeducacaocptl.ufms.br\/en\/wp-json\/wp\/v2\/pages"}],"about":[{"href":"https:\/\/ppgeducacaocptl.ufms.br\/en\/wp-json\/wp\/v2\/types\/page"}],"author":[{"embeddable":true,"href":"https:\/\/ppgeducacaocptl.ufms.br\/en\/wp-json\/wp\/v2\/users\/2254"}],"replies":[{"embeddable":true,"href":"https:\/\/ppgeducacaocptl.ufms.br\/en\/wp-json\/wp\/v2\/comments?post=2783"}],"version-history":[{"count":3,"href":"https:\/\/ppgeducacaocptl.ufms.br\/en\/wp-json\/wp\/v2\/pages\/2783\/revisions"}],"predecessor-version":[{"id":2791,"href":"https:\/\/ppgeducacaocptl.ufms.br\/en\/wp-json\/wp\/v2\/pages\/2783\/revisions\/2791"}],"wp:attachment":[{"href":"https:\/\/ppgeducacaocptl.ufms.br\/en\/wp-json\/wp\/v2\/media?parent=2783"}],"wp:term":[{"taxonomy":"author","embeddable":true,"href":"https:\/\/ppgeducacaocptl.ufms.br\/en\/wp-json\/wp\/v2\/coauthors?post=2783"}],"curies":[{"name":"wp","href":"https:\/\/api.w.org\/{rel}","templated":true}]}}