{"id":2910,"date":"2022-12-15T15:37:46","date_gmt":"2022-12-15T19:37:46","guid":{"rendered":"https:\/\/ppgeducacaocptl.ufms.br\/?page_id=2910"},"modified":"2026-02-26T09:07:40","modified_gmt":"2026-02-26T13:07:40","slug":"estrutura-curricular-e-lista-de-oferta","status":"publish","type":"page","link":"https:\/\/ppgeducacaocptl.ufms.br\/en\/estrutura-curricular-e-lista-de-oferta\/","title":{"rendered":"Estrutura Curricular e Lista de Oferta"},"content":{"rendered":"<p><strong><span style=\"font-size: 14.0pt\">Estrutura Curricular:<\/span><\/strong><\/p>\n<p>A estrutura curricular apresenta a oferta de disciplinas compat\u00edveis e bibliografias pertinentes para assegurar a forma\u00e7\u00e3o do discente de acordo com o perfil do Curso como especificado no seguinte arquivo\u00a0 (EM VIGOR A PARTIR DE 2026):<\/p>\n<a href=\"https:\/\/ppgeducacaocptl.ufms.br\/files\/2026\/02\/ESTRUTURA-CURRICULAR_RESOLUCAO-COPP-n-1145-de-12-02-2026.pdf\" class=\"pdfemb-viewer\" style=\"\" data-width=\"max\" data-height=\"max\" data-toolbar=\"bottom\" data-toolbar-fixed=\"off\">ESTRUTURA CURRICULAR_RESOLUCAO (COPP) n 1145, de 12-02-2026.<\/a>\n<p><strong><span style=\"font-size: 14.0pt\"><a href=\"https:\/\/ppgeducacaocptl.ufms.br\/files\/2024\/09\/RESOLUCAO-COPP-n-788-Matriz-Curricular-com-Atualizacao-das-Bibliografias.pdf\">Matriz Curricular com Atualiza\u00e7\u00e3o das Bibliografias 2024<\/a><\/span><\/strong><\/p>\n<p><span style=\"font-size: 14.0pt\"><a href=\"https:\/\/ppgeducacaocptl.ufms.br\/files\/2021\/07\/Matriz-Curricular_Resoluc\u0327a\u0303o-n\u00ba-963-CASCPTLUFMS.pdf\">RESOLU\u00c7\u00c3O N\u00ba 379-COPP\/UFMS, DE 5 DE JULHO DE 2021<\/a><\/span><\/p>\n<p><span style=\"font-size: 14.0pt\"><a href=\"https:\/\/ppgeducacaocptl.ufms.br\/files\/2021\/07\/Matriz-Currilar_RESOLUCAO__CAS_CPTL__n_963__de_02_07_2021.pdf\">MATRIZ CURRICULAR de 2021<\/a><\/span><\/p>\n<p>&nbsp;<\/p>\n<p><strong><span style=\"font-size: 14.0pt\">Lista de Ofertas:<\/span><\/strong><\/p>\n<p>LISTA DE OFERTA &#8211; Disciplinas Regulares 2026.1<\/p>\n<div class=\"ead-preview\"><div class=\"ead-document\" style=\"position: relative;padding-top: 90%;\"><div class=\"ead-iframe-wrapper\"><iframe src=\"\/\/docs.google.com\/viewer?url=https%3A%2F%2Fppgeducacaocptl.ufms.br%2Ffiles%2F2026%2F02%2F826-1-1.pdf&amp;embedded=true&amp;hl=en\" title=\"Embedded Document\" class=\"ead-iframe\" style=\"width: 100%;height: 100%;border: none;position: absolute;left: 0;top: 0;visibility: hidden;\"><\/iframe><\/div>\t\t\t<div class=\"ead-document-loading\" style=\"width:100%;height:100%;position:absolute;left:0;top:0;z-index:10;\">\n\t\t\t\t<div class=\"ead-loading-wrap\">\n\t\t\t\t\t<div class=\"ead-loading-main\">\n\t\t\t\t\t\t<div class=\"ead-loading\">\n\t\t\t\t\t\t\t<img decoding=\"async\" src=\"https:\/\/ppgeducacaocptl.ufms.br\/wp-content\/plugins\/embed-any-document\/images\/loading.svg\" width=\"55\" height=\"55\" alt=\"Loader\">\n\t\t\t\t\t\t\t<span>Loading...<\/span>\n\t\t\t\t\t\t<\/div>\n\t\t\t\t\t<\/div>\n\t\t\t\t\t<div class=\"ead-loading-foot\">\n\t\t\t\t\t\t<div class=\"ead-loading-foot-title\">\n\t\t\t\t\t\t\t<img decoding=\"async\" src=\"https:\/\/ppgeducacaocptl.ufms.br\/wp-content\/plugins\/embed-any-document\/images\/EAD-logo.svg\" alt=\"EAD Logo\" width=\"36\" height=\"23\"\/>\n\t\t\t\t\t\t\t<span>Taking too long?<\/span>\n\t\t\t\t\t\t<\/div>\n\t\t\t\t\t\t<p>\n\t\t\t\t\t\t\t<div class=\"ead-document-btn ead-reload-btn\" role=\"button\">\n\t\t\t\t\t\t\t\t<img decoding=\"async\" src=\"https:\/\/ppgeducacaocptl.ufms.br\/wp-content\/plugins\/embed-any-document\/images\/reload.svg\" alt=\"Reload\" width=\"12\" height=\"12\"\/> Reload document\t\t\t\t\t\t\t<\/div>\n\t\t\t\t\t\t\t<span>|<\/span>\n\t\t\t\t\t\t\t<a href=\"https:\/\/ppgeducacaocptl.ufms.br\/files\/2026\/02\/826-1-1.pdf\" class=\"ead-document-btn\" target=\"_blank\">\n\t\t\t\t\t\t\t\t<img loading=\"lazy\" decoding=\"async\" src=\"https:\/\/ppgeducacaocptl.ufms.br\/wp-content\/plugins\/embed-any-document\/images\/open.svg\" alt=\"Open\" width=\"12\" height=\"12\"\/> Open in new tab\t\t\t\t\t\t\t<\/a>\n\t\t\t\t\t<\/div>\n\t\t\t\t<\/div>\n\t\t\t<\/div>\n\t\t<\/div><\/div>\n<p>Retifica\u00e7\u00e3o da Lista de Oferta 2026.1 (ver\u00e3o)<\/p>\n<a href=\"https:\/\/ppgeducacaocptl.ufms.br\/files\/2026\/01\/RSL-RETIFICACAO-DA-LISTA-DE-OFERTAS.pdf\" class=\"pdfemb-viewer\" style=\"\" data-width=\"max\" data-height=\"max\" data-toolbar=\"bottom\" data-toolbar-fixed=\"off\">RSL RETIFICA\u00c7\u00c3O DA LISTA DE OFERTAS<\/a>\n<p>&#8230;&#8230;&#8230;&#8230;&#8230;&#8230;&#8230;&#8230;&#8230;&#8230;&#8230;&#8230;&#8230;..<\/p>\n<p>Lista de Oferta do Curso de Mestrado em Educa\u00e7\u00e3o do CPTL, per\u00edodo<br \/>\nespecial de ver\u00e3o, referente ao semestre 2025.2<\/p>\n<a href=\"https:\/\/ppgeducacaocptl.ufms.br\/files\/2025\/12\/RESOLUCAO-CAS_CPTL-n-2866-de-10-12-2025.pdf\" class=\"pdfemb-viewer\" style=\"\" data-width=\"max\" data-height=\"max\" data-toolbar=\"bottom\" data-toolbar-fixed=\"off\">RESOLUCAO (CAS_CPTL) n 2866, de 10-12-2025.<\/a>\n<p>&#8230;&#8230;&#8230;&#8230;&#8230;&#8230;&#8230;&#8230;&#8230;&#8230;&#8230;&#8230;&#8230;.<\/p>\n<p>Republica\u00e7\u00e3o da Lista de Oferta de Disciplinas do segundo semestre letivo de 2025<\/p>\n<p>Confira em:<\/p>\n<a href=\"https:\/\/ppgeducacaocptl.ufms.br\/files\/2025\/07\/RESOLUCAO-CPOS-EDU_CPTL_UFMS-n-709-de-14-07-2025.pdf\" class=\"pdfemb-viewer\" style=\"\" data-width=\"max\" data-height=\"max\" data-toolbar=\"bottom\" data-toolbar-fixed=\"off\">RESOLUCAO (CPOS-EDU_CPTL_UFMS) n 709, de 14-07-2025.<\/a>\n<p>Lista de Oferta de 2025\/2 &#8211; Acesse aqui: <a href=\"https:\/\/ppgeducacaocptl.ufms.br\/files\/2025\/06\/Resolucao-709.pdf\" class=\"pdfemb-viewer\" style=\"\" data-width=\"max\" data-height=\"max\" data-toolbar=\"bottom\" data-toolbar-fixed=\"off\">Resolu\u00e7\u00e3o 709<\/a>\n<p>Lista de Oferta de 2025\/1 &#8211; Acesse aqui: <a href=\"https:\/\/ppgeducacaocptl.ufms.br\/files\/2025\/02\/RESOLUCAO__CAS_CPTL__n_2480__de_12_12_2024.pdf\">RESOLUCAO__CAS_CPTL__n_2480__de_12_12_2024.<\/a><\/p>\n<p>&nbsp;<\/p>\n<p>Lista de Oferta de 2024\/2- Acesse Aqui:\u00a0<a href=\"https:\/\/ppgeducacaocptl.ufms.br\/files\/2024\/06\/Resolucao_4910641_CPTL__n_2293__de_19_06_2024.pdf\">Resolucao_4910641_CPTL__n_2293__de_19_06_2024.<\/a><\/p>\n<p>Lista de Oferta de 2024\/1- Acesse aqui: <a href=\"https:\/\/ppgeducacaocptl.ufms.br\/files\/2024\/02\/CPTL-n-2141-de-03-01-2024.-1.pdf\">CPTL) n 2141, de 03-01-2024.<\/a><\/p>\n<p>Lista de ofertas de 2023\/2 &#8211; Acesse aqui: <a href=\"https:\/\/ppgeducacaocptl.ufms.br\/files\/2023\/07\/RESOLUCAO-CAS_CPTL-n-1901-de-12-06-2023.-1.pdf\">RESOLUCAO (CAS_CPTL) n 1901, de 12-06-2023. (1)<\/a><\/p>\n<p>Lista de ofertas de 2023\/1 &#8211; Acesse aqui: <a href=\"https:\/\/ppgeducacaocptl.ufms.br\/files\/2022\/12\/RESOLUCAO__PPG_EDU___CPTL__n_343__de_09_12_2022.-1.pdf\">RESOLUCAO__PPG_EDU___CPTL__n_343__de_09_12_2022.<\/a><\/p>\n<p>&nbsp;<\/p>\n<p><span style=\"font-size: 10.0pt;color: black\"><a href=\"https:\/\/ppgeducacaocptl.ufms.br\/files\/2022\/03\/SEI_UFMS-3128716-Resolucao_salas.pdf\"><span style=\"color: black\">Lista de Ofertas_2022.1 com SALAS DE AULA<\/span><\/a><\/span><\/p>\n<p><span style=\"font-size: 10.0pt;color: black\"><a href=\"https:\/\/ppgeducacaocptl.ufms.br\/files\/2022\/02\/SEI_UFMS-3113414-Lista-de-ofertas_retificac\u0327a\u0303o.pdf\"><span style=\"color: black\">Lista de ofertas_2022.1_retificac\u0327a\u0303o<\/span><\/a><\/span><\/p>\n<p><span style=\"font-size: 10.0pt;color: black\"><a href=\"https:\/\/ppgeducacaocptl.ufms.br\/files\/2022\/02\/Lista-de-ofertas_2022_1.pdf\"><span style=\"color: black\">Lista de Ofertas 2022.1<\/span><\/a><\/span><\/p>\n<p><span style=\"font-size: 10.0pt;color: black\"><a href=\"https:\/\/ppgeducacaocptl.ufms.br\/files\/2021\/07\/Lista-de-Ofertas-2021.2.pdf\"><span style=\"color: black\">Lista de Ofertas 2021.2<\/span><\/a><\/span><\/p>\n<p><span style=\"font-size: 10.0pt;color: black\"><a href=\"https:\/\/ppgeducacaocptl.ufms.br\/files\/2021\/02\/Lista-de-Ofertas_2021_1_n-102-de-20-01-2021.-1.pdf\"><span style=\"color: black\">Lista de Ofertas 2021.1<\/span><\/a><\/span><\/p>\n<p>&nbsp;<\/p>\n<p><span style=\"font-size: 10.0pt;color: black\"><a href=\"https:\/\/ppgeducacaocptl.ufms.br\/files\/2020\/07\/Lista-de-Oferta-2020.2.pdf\"><span style=\"color: black\">Lista de Ofertas 2020.<\/span><\/a><\/span><\/p>\n<p><span style=\"font-size: 10.0pt;color: black\">Lista de Ofertas 2020.1<\/span><\/p>\n<p>&nbsp;<\/p>\n<p><span style=\"font-size: 10.0pt;color: black\"><a href=\"https:\/\/ppgeducacaocptl.ufms.br\/files\/2019\/06\/24-lista-de-oferta-2019.2-1.pdf\"><span style=\"color: black\">Lista de Ofertas 2019.2 <\/span><\/a><\/span><\/p>\n<p><span style=\"font-size: 10.0pt;color: black\"><a href=\"https:\/\/ppgeducacaocptl.ufms.br\/files\/2019\/06\/Horario-2019-1.pdf\"><span style=\"color: black\">Lista de Ofertas 2019.1<\/span><\/a><\/span><\/p>\n","protected":false},"excerpt":{"rendered":"<p>Estrutura Curricular: A estrutura curricular apresenta a oferta de disciplinas compat\u00edveis e bibliografias pertinentes para assegurar a forma\u00e7\u00e3o do discente de acordo com o perfil do Curso como especificado no seguinte arquivo\u00a0 (EM VIGOR A PARTIR DE 2026): Matriz Curricular com Atualiza\u00e7\u00e3o das Bibliografias 2024 RESOLU\u00c7\u00c3O N\u00ba 379-COPP\/UFMS, DE 5 DE JULHO DE 2021 MATRIZ [&hellip;]<\/p>\n","protected":false},"author":2254,"featured_media":0,"parent":0,"menu_order":0,"comment_status":"closed","ping_status":"closed","template":"","meta":{"footnotes":""},"coauthors":[28],"class_list":["post-2910","page","type-page","status-publish","hentry"],"_links":{"self":[{"href":"https:\/\/ppgeducacaocptl.ufms.br\/en\/wp-json\/wp\/v2\/pages\/2910","targetHints":{"allow":["GET"]}}],"collection":[{"href":"https:\/\/ppgeducacaocptl.ufms.br\/en\/wp-json\/wp\/v2\/pages"}],"about":[{"href":"https:\/\/ppgeducacaocptl.ufms.br\/en\/wp-json\/wp\/v2\/types\/page"}],"author":[{"embeddable":true,"href":"https:\/\/ppgeducacaocptl.ufms.br\/en\/wp-json\/wp\/v2\/users\/2254"}],"replies":[{"embeddable":true,"href":"https:\/\/ppgeducacaocptl.ufms.br\/en\/wp-json\/wp\/v2\/comments?post=2910"}],"version-history":[{"count":23,"href":"https:\/\/ppgeducacaocptl.ufms.br\/en\/wp-json\/wp\/v2\/pages\/2910\/revisions"}],"predecessor-version":[{"id":4225,"href":"https:\/\/ppgeducacaocptl.ufms.br\/en\/wp-json\/wp\/v2\/pages\/2910\/revisions\/4225"}],"wp:attachment":[{"href":"https:\/\/ppgeducacaocptl.ufms.br\/en\/wp-json\/wp\/v2\/media?parent=2910"}],"wp:term":[{"taxonomy":"author","embeddable":true,"href":"https:\/\/ppgeducacaocptl.ufms.br\/en\/wp-json\/wp\/v2\/coauthors?post=2910"}],"curies":[{"name":"wp","href":"https:\/\/api.w.org\/{rel}","templated":true}]}}