{"id":3026,"date":"2022-12-21T20:04:12","date_gmt":"2022-12-22T00:04:12","guid":{"rendered":"https:\/\/ppgeducacaocptl.ufms.br\/?page_id=3026"},"modified":"2026-03-24T11:03:14","modified_gmt":"2026-03-24T15:03:14","slug":"grupos-de-pesquisa","status":"publish","type":"page","link":"https:\/\/ppgeducacaocptl.ufms.br\/en\/grupos-de-pesquisa\/","title":{"rendered":"Grupos de Pesquisa"},"content":{"rendered":"<span style=\"font-size: 12pt\"><span style=\"font-size: 14pt\"><strong>Grupos de Pesquisa PPGEdu\/CPTL<\/strong><\/span>:<\/span><\/p>\n<ul style=\"list-style-type: disc\">\n<li><span style=\"font-size: 14pt\"><em>GEPES &#8211; <a href=\"http:\/\/dgp.cnpq.br\/dgp\/espelhogrupo\/42234\">Grupo de Estudos e Pesquisas em<\/a><a href=\"http:\/\/dgp.cnpq.br\/dgp\/espelhogrupo\/42234\"> Edu<\/a><a href=\"http:\/\/dgp.cnpq.br\/dgp\/espelhogrupo\/42234\">ca\u00e7\u00e3o<\/a><a href=\"http:\/\/dgp.cnpq.br\/dgp\/espelhogrupo\/42234\"> e Sociedade<\/a><\/em><\/span><\/li>\n<\/ul>\n<p>&nbsp;<\/p>\n<ul style=\"list-style-type: disc\">\n<li><span style=\"font-size: 14pt\"><em>GFORP &#8211; <a href=\"http:\/\/dgp.cnpq.br\/dgp\/espelhogrupo\/3242407876450697\">Grupo de Estudos e Pesquisas em Forma\u00e7\u00e3o de Professores<\/a><\/em><\/span><\/li>\n<\/ul>\n<p>Conhe\u00e7a e curta o canal do GForP no Youtube: <a href=\"https:\/\/www.youtube.com\/@gforp2572\">https:\/\/www.youtube.com\/@gforp2572<\/a><\/p>\n<p>Contato: gforp22@gmail.com<\/p>\n<p>&nbsp;<\/p>\n<ul style=\"list-style-type: disc\">\n<li><span style=\"font-size: 14pt\"><em>EDUFORP &#8211; <a href=\"http:\/\/dgp.cnpq.br\/dgp\/espelhogrupo\/577044\">Grupo de Pesquisas Forma\u00e7\u00e3o e Cultura na Sociedade Contempor\u00e2nea<\/a><\/em><\/span><\/li>\n<\/ul>\n<p><a href=\"https:\/\/ppgeducacaocptl.ufms.br\/files\/2022\/12\/CONHECA-O-EDUFORP.docx\">CONHE\u00c7A O EDUFORP<\/a><\/p>\n<p>Acesse os canais do EduForp em: <a href=\"https:\/\/linktr.ee\/eduforp?utm_source=linktree_profile_share&amp;ltsid=fc957eb2-e872-48f0-99b7-de26a975dc50\">https:\/\/linktr.ee\/eduforp?utm_source=linktree_profile_share&amp;ltsid=fc957eb2-e872-48f0-99b7-de26a975dc50<\/a><\/p>\n<p>Anais das Publica\u00e7\u00f5es do EduForp:\u00a0<a href=\"https:\/\/periodicos.ufms.br\/index.php\/EduForP\">https:\/\/periodicos.ufms.br\/index.php\/EduForP<\/a><\/p>\n<p>&nbsp;<\/p>\n<ul style=\"list-style-type: disc\">\n<li><span style=\"font-size: 14pt\"><em>GEMUP &#8211; <a href=\"http:\/\/dgp.cnpq.br\/dgp\/espelhogrupo\/53955\">Grupo de pesquisa Ensino de hist\u00f3ria, mulheres e patrim\u00f4nio<\/a><\/em><\/span><\/li>\n<\/ul>\n<p>&nbsp;<\/p>\n<ul style=\"list-style-type: disc\">\n<li><span style=\"font-size: 14pt\"><em>NEPI &#8211;\u00a0<a href=\"http:\/\/dgp.cnpq.br\/dgp\/espelhogrupo\/605646\">N\u00facleo de Estudos e Pesquisas em Inclus\u00e3o<\/a><\/em><\/span><\/li>\n<\/ul>\n<p>&nbsp;<\/p>\n<ul style=\"list-style-type: disc\">\n<li><span style=\"font-size: 14pt\"><em>GEPEA &#8211; Grupo de pesquisa <a href=\"http:\/\/dgp.cnpq.br\/dgp\/espelhogrupo\/38036\">A Teoria Hist\u00f3rico-Cultural para o Ensino e Aprendizagem<\/a><\/em><\/span><\/li>\n<\/ul>\n<p>&nbsp;<\/p>\n<ul style=\"list-style-type: disc\">\n<li><span style=\"font-size: 14pt\"><em>HIMUFE &#8211; <a href=\"http:\/\/dgp.cnpq.br\/dgp\/espelhogrupo\/252703\">Grupo de Pesquisa Hist\u00f3ria, Mulheres e Feminismo<\/a><\/em><\/span><\/li>\n<\/ul>\n<p>&nbsp;<\/p>\n<ul style=\"list-style-type: disc\">\n<li><span style=\"font-size: 14pt\"><em>GEPPFORTE &#8211; <a href=\"http:\/\/dgp.cnpq.br\/dgp\/espelhogrupo\/1383877256014887\">Grupo de estudos e pesquisa sobre pol\u00edticas, forma\u00e7\u00e3o de professores e tecnologias educacionais<\/a><\/em><\/span><\/li>\n<\/ul>\n<p>&nbsp;<\/p>\n<ul style=\"list-style-type: disc\">\n<li><span style=\"font-family: georgia, palatino, serif;font-size: 14pt\">GEPEDI &#8211; Grupo de Estudos e Pesquisas em Educa\u00e7\u00e3o, Diversidade e Inclus\u00e3o &#8211;\u00a0 <a href=\"http:\/\/dgp.cnpq.br\/dgp\/espelhogrupo\/7986305036926325\">http:\/\/dgp.cnpq.br\/dgp\/espelhogrupo\/7986305036926325<\/a><\/span><\/li>\n<\/ul>\n<p>&nbsp;<\/p>\n<p>Conhe\u00e7a tamb\u00e9m:<\/p>\n<p><span style=\"font-size: 12pt\">Diret\u00f3rio\u00a0 dos <a href=\"http:\/\/lattes.cnpq.br\/web\/dgp\">Gru<\/a><a href=\"http:\/\/lattes.cnpq.br\/web\/dgp\">pos de Pesquisa<\/a>\u00a0CNPq<\/span>","protected":false},"excerpt":{"rendered":"<p>Grupos de Pesquisa PPGEdu\/CPTL: GEPES &#8211; Grupo de Estudos e Pesquisas em Educa\u00e7\u00e3o e Sociedade &nbsp; GFORP &#8211; Grupo de Estudos e Pesquisas em Forma\u00e7\u00e3o de Professores Conhe\u00e7a e curta o canal do GForP no Youtube: https:\/\/www.youtube.com\/@gforp2572 Contato: gforp22@gmail.com &nbsp; EDUFORP &#8211; Grupo de Pesquisas Forma\u00e7\u00e3o e Cultura na Sociedade Contempor\u00e2nea CONHE\u00c7A O EDUFORP Acesse [&hellip;]<\/p>\n","protected":false},"author":2254,"featured_media":0,"parent":0,"menu_order":0,"comment_status":"closed","ping_status":"closed","template":"","meta":{"footnotes":""},"coauthors":[28],"class_list":["post-3026","page","type-page","status-publish","hentry"],"_links":{"self":[{"href":"https:\/\/ppgeducacaocptl.ufms.br\/en\/wp-json\/wp\/v2\/pages\/3026","targetHints":{"allow":["GET"]}}],"collection":[{"href":"https:\/\/ppgeducacaocptl.ufms.br\/en\/wp-json\/wp\/v2\/pages"}],"about":[{"href":"https:\/\/ppgeducacaocptl.ufms.br\/en\/wp-json\/wp\/v2\/types\/page"}],"author":[{"embeddable":true,"href":"https:\/\/ppgeducacaocptl.ufms.br\/en\/wp-json\/wp\/v2\/users\/2254"}],"replies":[{"embeddable":true,"href":"https:\/\/ppgeducacaocptl.ufms.br\/en\/wp-json\/wp\/v2\/comments?post=3026"}],"version-history":[{"count":17,"href":"https:\/\/ppgeducacaocptl.ufms.br\/en\/wp-json\/wp\/v2\/pages\/3026\/revisions"}],"predecessor-version":[{"id":4304,"href":"https:\/\/ppgeducacaocptl.ufms.br\/en\/wp-json\/wp\/v2\/pages\/3026\/revisions\/4304"}],"wp:attachment":[{"href":"https:\/\/ppgeducacaocptl.ufms.br\/en\/wp-json\/wp\/v2\/media?parent=3026"}],"wp:term":[{"taxonomy":"author","embeddable":true,"href":"https:\/\/ppgeducacaocptl.ufms.br\/en\/wp-json\/wp\/v2\/coauthors?post=3026"}],"curies":[{"name":"wp","href":"https:\/\/api.w.org\/{rel}","templated":true}]}}