{"id":3089,"date":"2022-12-22T11:31:39","date_gmt":"2022-12-22T15:31:39","guid":{"rendered":"https:\/\/ppgeducacaocptl.ufms.br\/?page_id=3089"},"modified":"2022-12-22T11:31:39","modified_gmt":"2022-12-22T15:31:39","slug":"ouvidoria","status":"publish","type":"page","link":"https:\/\/ppgeducacaocptl.ufms.br\/en\/ouvidoria\/","title":{"rendered":"Ouvidoria"},"content":{"rendered":"<p>&nbsp;<\/p>\n<p>A\u00a0<strong>ouvidoria<\/strong>\u00a0\u00e9 um espa\u00e7o aberto para a sociedade. Configura-se num canal de comunica\u00e7\u00e3o direta entre o cidad\u00e3o e a Institui\u00e7\u00e3o, com vistas ao aprimoramento dos servi\u00e7os prestados pela Universidade.<\/p>\n<p>Receber sugest\u00f5es, solicita\u00e7\u00f5es, reclama\u00e7\u00f5es, den\u00fancias, elogios e tamb\u00e9m pedidos de acesso \u00e0 informa\u00e7\u00e3o apresentados pela comunidade acad\u00eamica e pela comunidade em geral s\u00e3o algumas das compet\u00eancias da Ouvidoria que deve examinar as causas e proced\u00eancia das manifesta\u00e7\u00f5es, assim como sugerir ou recomendar a ado\u00e7\u00e3o de medidas para o aperfei\u00e7oamento e o bom funcionamento da Institui\u00e7\u00e3o.<\/p>\n<p><strong>Contato:<\/strong><\/p>\n<ul>\n<li>Fale diretamente com a Ouvidoria, das 7h \u00e0s 11h e das 13h \u00e0s 17h\u00a0 \u2013 telefones: (67) 3345-7983, (67) 3345-7021, (67) 3345-7789<\/li>\n<li><a href=\"https:\/\/ouvidoria.ufms.br\/\" target=\"_blank\" rel=\"noopener\">ouvidoria.ufms.br<\/a><\/li>\n<\/ul>\n<div id=\"yiv7272159533yui_3_13_0_1_1397498816633_3871\"><strong>Mariane Cristina Wolf<\/strong><\/div>\n","protected":false},"excerpt":{"rendered":"<p>&nbsp; A\u00a0ouvidoria\u00a0\u00e9 um espa\u00e7o aberto para a sociedade. Configura-se num canal de comunica\u00e7\u00e3o direta entre o cidad\u00e3o e a Institui\u00e7\u00e3o, com vistas ao aprimoramento dos servi\u00e7os prestados pela Universidade. Receber sugest\u00f5es, solicita\u00e7\u00f5es, reclama\u00e7\u00f5es, den\u00fancias, elogios e tamb\u00e9m pedidos de acesso \u00e0 informa\u00e7\u00e3o apresentados pela comunidade acad\u00eamica e pela comunidade em geral s\u00e3o algumas das compet\u00eancias [&hellip;]<\/p>\n","protected":false},"author":2254,"featured_media":0,"parent":0,"menu_order":0,"comment_status":"closed","ping_status":"closed","template":"","meta":{"footnotes":""},"coauthors":[28],"class_list":["post-3089","page","type-page","status-publish","hentry"],"_links":{"self":[{"href":"https:\/\/ppgeducacaocptl.ufms.br\/en\/wp-json\/wp\/v2\/pages\/3089","targetHints":{"allow":["GET"]}}],"collection":[{"href":"https:\/\/ppgeducacaocptl.ufms.br\/en\/wp-json\/wp\/v2\/pages"}],"about":[{"href":"https:\/\/ppgeducacaocptl.ufms.br\/en\/wp-json\/wp\/v2\/types\/page"}],"author":[{"embeddable":true,"href":"https:\/\/ppgeducacaocptl.ufms.br\/en\/wp-json\/wp\/v2\/users\/2254"}],"replies":[{"embeddable":true,"href":"https:\/\/ppgeducacaocptl.ufms.br\/en\/wp-json\/wp\/v2\/comments?post=3089"}],"version-history":[{"count":1,"href":"https:\/\/ppgeducacaocptl.ufms.br\/en\/wp-json\/wp\/v2\/pages\/3089\/revisions"}],"predecessor-version":[{"id":3097,"href":"https:\/\/ppgeducacaocptl.ufms.br\/en\/wp-json\/wp\/v2\/pages\/3089\/revisions\/3097"}],"wp:attachment":[{"href":"https:\/\/ppgeducacaocptl.ufms.br\/en\/wp-json\/wp\/v2\/media?parent=3089"}],"wp:term":[{"taxonomy":"author","embeddable":true,"href":"https:\/\/ppgeducacaocptl.ufms.br\/en\/wp-json\/wp\/v2\/coauthors?post=3089"}],"curies":[{"name":"wp","href":"https:\/\/api.w.org\/{rel}","templated":true}]}}