{"id":38,"date":"2019-04-10T16:22:56","date_gmt":"2019-04-10T20:22:56","guid":{"rendered":"https:\/\/ppgeducacaocptl.ufms.br\/?page_id=38"},"modified":"2024-12-20T08:56:04","modified_gmt":"2024-12-20T12:56:04","slug":"admissao","status":"publish","type":"page","link":"https:\/\/ppgeducacaocptl.ufms.br\/en\/admissao\/","title":{"rendered":"Admiss\u00e3o de Estudantes\/Credenciamento e Recredenciamento de Professores"},"content":{"rendered":"<div>\n<p><strong><span style=\"font-size: 14pt\">Para Candidatos ao Mestrando(a) Aluno Permanente:<\/span><\/strong><\/p>\n<p>PROCESSO SELETIVO UNIFICADO DE P\u00d3S-GRADUA\u00c7\u00c3O STRICTO SENSU &#8211; MESTRADO 2025\/1 &#8211; alunos regulares<\/p>\n<p>Acesse o Edital para a Sele\u00e7\u00e3o do mestrado 2025 aqui:<\/p>\n<p><a href=\"https:\/\/ppgeducacaocptl.ufms.br\/files\/2024\/12\/Educacao-Tres-Lagoas-versao-publicacao.pdf\">Educacao-Tres-Lagoas-versao-publicacao<\/a><\/p>\n<p>Informa\u00e7\u00f5es Gerais:<\/p>\n<p><a href=\"https:\/\/propp.ufms.br\/files\/2024\/12\/471.pdf\">https:\/\/propp.ufms.br\/files\/2024\/12\/471.pdf<\/a><\/p>\n<p>&#8230;&#8230;&#8230;&#8230;&#8230;&#8230;&#8230;&#8230;&#8230;&#8230;&#8230;&#8230;&#8230;&#8230;&#8230;&#8230;&#8230;.<\/p>\n<p>PROCESSO SELETIVO UNIFICADO DE P\u00d3S-GRADUA\u00c7\u00c3O STRICTO SENSU &#8211; MESTRADO 2024\/1 &#8211; alunos regulares<\/p>\n<p>Confira edital completo em:<\/p>\n<p><a href=\"https:\/\/ppgeducacaocptl.ufms.br\/files\/2023\/10\/Edital-Pos.pdf\">Edital P\u00f3s<\/a><\/p>\n<p>INFORMA\u00c7\u00d5ES ESPEC\u00cdFICAS DO CURSO DE MESTRADO EM EDUCA\u00c7\u00c3O (TR\u00caS LAGOAS) p\u00e1gina 136 do Edital.<\/p>\n<p><strong>TABELA DE PONTUA\u00c7\u00c3O DO CURR\u00cdCULO <\/strong>para os candidatos do processo seletivo de ingresso como aluno regular de 2024.1<\/p>\n<p><a href=\"https:\/\/ppgeducacaocptl.ufms.br\/files\/2023\/11\/Tabela-de-Pontuacao-do-Curriculo.docx\">Tabela de Pontua\u00e7\u00e3o do Curriculo<\/a><\/p>\n<p>&#8230;&#8230;&#8230;&#8230;&#8230;&#8230;&#8230;&#8230;&#8230;&#8230;<\/p>\n<p>PROCESSO SELETIVO UNIFICADO DE P\u00d3S-GRADUA\u00c7\u00c3O STRICTO SENSU &#8211;<br \/>\nMESTRADO\u00a0 2023\/1<\/p>\n<p>Veja o Edital na \u00edntegra:<\/p>\n<p><a href=\"https:\/\/propp.ufms.br\/diretorias\/processo-seletivo-pos-graduacao-2023\/\">https:\/\/propp.ufms.br\/diretorias\/processo-seletivo-pos-graduacao-2023\/ (CLIQUE AQUI)<\/a><\/p>\n<p>&#8230;&#8230;&#8230;&#8230;&#8230;&#8230;&#8230;&#8230;&#8230;&#8230;<\/p>\n<p><span style=\"font-size: 14pt\"><strong>Para Candidatos ao Mestrando(a) Aluno Estrangeiro:<\/strong><\/span><\/p>\n<p><span style=\"font-size: 12pt\">Processo Seletivo em Fluxo Cont\u00ednuo para Candidatos Estrangeiros \u2013 P\u00f3s-Gradua\u00e7\u00e3o Stricto Sensu- Mestrado\u00a0 \u2013 2023.1 a 2024.1<\/span><\/p>\n<p><span style=\"font-size: 12pt\">Veja o Edital na Integra:<\/span><\/p>\n<p><span style=\"font-size: 12pt\"><a href=\"https:\/\/propp.ufms.br\/diretorias\/fluxo_continuo_estrangeiro\/\">https:\/\/propp.ufms.br\/diretorias\/fluxo_continuo_estrangeiro\/<\/a><\/span><\/p>\n<p>&#8230;&#8230;&#8230;&#8230;&#8230;&#8230;&#8230;&#8230;&#8230;&#8230;<\/p>\n<h1 class=\"big_title\"><span style=\"font-size: 14pt\"><strong>Para Candidatos a <\/strong>Aluno Especial\u00a0 e para Aluno de Outro Programa de P\u00f3s-Gradua\u00e7\u00e3o<\/span><\/h1>\n<p>Sele\u00e7\u00e3o Aluno Especial 2023\/1<\/p>\n<p>O PRESIDENTE DO COLEGIADO DO PROGRAMA DE P\u00d3S-GRADUA\u00c7\u00c3O EM EDUCA\u00c7\u00c3O da Funda\u00e7\u00e3o Universidade Federal de Mato Grosso do Sul, Campus de Tr\u00eas Lagoas, no uso de suas atribui\u00e7\u00f5es legais, torna p\u00fablico o Processo Seletivo para o preenchimento de vagas para Estudante especial em disciplinas isoladas no Programa de P\u00f3s-Gradua\u00e7\u00e3o em Educa\u00e7\u00e3o.<\/p>\n<p>EDITAL: <a href=\"https:\/\/ppgeducacaocptl.ufms.br\/files\/2023\/02\/SEI_UFMS-3820220-Edital.pdf\">SEI_UFMS &#8211; 3820220 &#8211; Edital<\/a><\/p>\n<p>&nbsp;<\/p>\n<p>&#8230;&#8230;&#8230;&#8230;&#8230;&#8230;&#8230;&#8230;&#8230;&#8230;&#8230;&#8230;&#8230;&#8230;&#8230;&#8230;&#8230;&#8230;&#8230;&#8230;&#8230;&#8230;&#8230;&#8230;&#8230;&#8230;&#8230;&#8230;&#8230;&#8230;&#8230;&#8230;&#8230;&#8230;&#8230;&#8230;&#8230;&#8230;..<\/p>\n<p><strong>Para Professores:<\/strong><\/p>\n<p><span style=\"font-size: 14pt\"><strong>Credenciamento e Recredenciamento Docente\u00a0<\/strong><\/span><\/p>\n<\/div>\n<p>EDITAL DE RETIFICA\u00c7\u00c3O N\u00ba 137\/2023<\/p>\n<p>Acesse: \u00a0\u00a0<a href=\"https:\/\/ppgeducacaocptl.ufms.br\/files\/2023\/05\/EDITAL-DE-RETIFICACAO-N-137_2023-PROPP_UFMS-de-04-05_2023.-1.pdf\">EDITAL DE RETIFICACAO N 137_2023 &#8211; PROPP_UFMS, de 04-05_2023. (1)<\/a><\/p>\n<p>ANEXO\u00a0 para solicita\u00e7\u00e3o de credenciamento<\/p>\n<p>Acesse:\u00a0<a href=\"https:\/\/ppgeducacaocptl.ufms.br\/files\/2023\/05\/anexos-do-EDITAL-DE-CREDENCIAMENTO-Educacao-CPTL_27_04_2023-1.pdf\">anexos do EDITAL DE CREDENCIAMENTO Educa\u00e7\u00e3o CPTL_27_04_2023 (1)<\/a><\/p>\n<p>&#8230;&#8230;&#8230;&#8230;&#8230;&#8230;&#8230;&#8230;&#8230;&#8230;<\/p>\n<p>EDITAL UFMS\/PROPP N\u00ba 129\/2023 \u2013 PPGEDU\/CPTL\/UFMS<\/p>\n<p>Credenciamento visando \u00e0 sele\u00e7\u00e3o de docentes para preenchimento do quadro permanente e colaborador no Curso de Mestrado em Educa\u00e7\u00e3o, campus de Tr\u00eas Lagoas (PPGEdu- CPTL).<\/p>\n<p>Acesse<\/p>\n<p><a href=\"https:\/\/ppgeducacaocptl.ufms.br\/files\/2023\/04\/edital_129.pdf\">edital_129<\/a><\/p>\n<p>&#8230;&#8230;&#8230;&#8230;&#8230;&#8230;&#8230;&#8230;&#8230;&#8230;&#8230;&#8230;&#8230;&#8230;&#8230;&#8230;&#8230;&#8230;&#8230;&#8230;&#8230;&#8230;&#8230;&#8230;&#8230;&#8230;&#8230;&#8230;&#8230;&#8230;&#8230;&#8230;&#8230;&#8230;&#8230;<\/p>\n<p>&nbsp;<\/p>\n<div><\/div>\n<p>&nbsp;<\/p>\n<div>\n<p>&nbsp;<\/p>\n<p>&nbsp;<\/p>\n<\/div>\n<p>&nbsp;<\/p>\n<p>&nbsp;<\/p>\n","protected":false},"excerpt":{"rendered":"<p>Para Candidatos ao Mestrando(a) Aluno Permanente: PROCESSO SELETIVO UNIFICADO DE P\u00d3S-GRADUA\u00c7\u00c3O STRICTO SENSU &#8211; MESTRADO 2025\/1 &#8211; alunos regulares Acesse o Edital para a Sele\u00e7\u00e3o do mestrado 2025 aqui: Educacao-Tres-Lagoas-versao-publicacao Informa\u00e7\u00f5es Gerais: https:\/\/propp.ufms.br\/files\/2024\/12\/471.pdf &#8230;&#8230;&#8230;&#8230;&#8230;&#8230;&#8230;&#8230;&#8230;&#8230;&#8230;&#8230;&#8230;&#8230;&#8230;&#8230;&#8230;. PROCESSO SELETIVO UNIFICADO DE P\u00d3S-GRADUA\u00c7\u00c3O STRICTO SENSU &#8211; MESTRADO 2024\/1 &#8211; alunos regulares Confira edital completo em: Edital P\u00f3s INFORMA\u00c7\u00d5ES ESPEC\u00cdFICAS [&hellip;]<\/p>\n","protected":false},"author":5806,"featured_media":0,"parent":0,"menu_order":0,"comment_status":"closed","ping_status":"closed","template":"","meta":{"footnotes":""},"coauthors":[17],"class_list":["post-38","page","type-page","status-publish","hentry"],"_links":{"self":[{"href":"https:\/\/ppgeducacaocptl.ufms.br\/en\/wp-json\/wp\/v2\/pages\/38","targetHints":{"allow":["GET"]}}],"collection":[{"href":"https:\/\/ppgeducacaocptl.ufms.br\/en\/wp-json\/wp\/v2\/pages"}],"about":[{"href":"https:\/\/ppgeducacaocptl.ufms.br\/en\/wp-json\/wp\/v2\/types\/page"}],"author":[{"embeddable":true,"href":"https:\/\/ppgeducacaocptl.ufms.br\/en\/wp-json\/wp\/v2\/users\/5806"}],"replies":[{"embeddable":true,"href":"https:\/\/ppgeducacaocptl.ufms.br\/en\/wp-json\/wp\/v2\/comments?post=38"}],"version-history":[{"count":29,"href":"https:\/\/ppgeducacaocptl.ufms.br\/en\/wp-json\/wp\/v2\/pages\/38\/revisions"}],"predecessor-version":[{"id":3890,"href":"https:\/\/ppgeducacaocptl.ufms.br\/en\/wp-json\/wp\/v2\/pages\/38\/revisions\/3890"}],"wp:attachment":[{"href":"https:\/\/ppgeducacaocptl.ufms.br\/en\/wp-json\/wp\/v2\/media?parent=38"}],"wp:term":[{"taxonomy":"author","embeddable":true,"href":"https:\/\/ppgeducacaocptl.ufms.br\/en\/wp-json\/wp\/v2\/coauthors?post=38"}],"curies":[{"name":"wp","href":"https:\/\/api.w.org\/{rel}","templated":true}]}}