{"id":4378,"date":"2026-04-14T16:20:54","date_gmt":"2026-04-14T20:20:54","guid":{"rendered":"https:\/\/ppgeducacaocptl.ufms.br\/?page_id=4378"},"modified":"2026-04-14T16:20:54","modified_gmt":"2026-04-14T20:20:54","slug":"avaliacao-externa","status":"publish","type":"page","link":"https:\/\/ppgeducacaocptl.ufms.br\/en\/avaliacao-externa\/","title":{"rendered":"(Portugu\u00eas do Brasil) AVALIA\u00c7\u00c3O EXTERNA"},"content":{"rendered":"","protected":false},"excerpt":{"rendered":"","protected":false},"author":6070,"featured_media":0,"parent":0,"menu_order":0,"comment_status":"closed","ping_status":"closed","template":"","meta":{"footnotes":""},"coauthors":[32],"class_list":["post-4378","page","type-page","status-publish","hentry"],"_links":{"self":[{"href":"https:\/\/ppgeducacaocptl.ufms.br\/en\/wp-json\/wp\/v2\/pages\/4378","targetHints":{"allow":["GET"]}}],"collection":[{"href":"https:\/\/ppgeducacaocptl.ufms.br\/en\/wp-json\/wp\/v2\/pages"}],"about":[{"href":"https:\/\/ppgeducacaocptl.ufms.br\/en\/wp-json\/wp\/v2\/types\/page"}],"author":[{"embeddable":true,"href":"https:\/\/ppgeducacaocptl.ufms.br\/en\/wp-json\/wp\/v2\/users\/6070"}],"replies":[{"embeddable":true,"href":"https:\/\/ppgeducacaocptl.ufms.br\/en\/wp-json\/wp\/v2\/comments?post=4378"}],"version-history":[{"count":1,"href":"https:\/\/ppgeducacaocptl.ufms.br\/en\/wp-json\/wp\/v2\/pages\/4378\/revisions"}],"predecessor-version":[{"id":4385,"href":"https:\/\/ppgeducacaocptl.ufms.br\/en\/wp-json\/wp\/v2\/pages\/4378\/revisions\/4385"}],"wp:attachment":[{"href":"https:\/\/ppgeducacaocptl.ufms.br\/en\/wp-json\/wp\/v2\/media?parent=4378"}],"wp:term":[{"taxonomy":"author","embeddable":true,"href":"https:\/\/ppgeducacaocptl.ufms.br\/en\/wp-json\/wp\/v2\/coauthors?post=4378"}],"curies":[{"name":"wp","href":"https:\/\/api.w.org\/{rel}","templated":true}]}}