{"id":4386,"date":"2026-04-14T16:21:09","date_gmt":"2026-04-14T20:21:09","guid":{"rendered":"https:\/\/ppgeducacaocptl.ufms.br\/?page_id=4386"},"modified":"2026-04-14T16:21:09","modified_gmt":"2026-04-14T20:21:09","slug":"autoavaliacao-2","status":"publish","type":"page","link":"https:\/\/ppgeducacaocptl.ufms.br\/en\/autoavaliacao-2\/","title":{"rendered":"(Portugu\u00eas do Brasil) AUTOAVALIA\u00c7\u00c3O"},"content":{"rendered":"","protected":false},"excerpt":{"rendered":"","protected":false},"author":6070,"featured_media":0,"parent":0,"menu_order":0,"comment_status":"closed","ping_status":"closed","template":"","meta":{"footnotes":""},"coauthors":[32],"class_list":["post-4386","page","type-page","status-publish","hentry"],"_links":{"self":[{"href":"https:\/\/ppgeducacaocptl.ufms.br\/en\/wp-json\/wp\/v2\/pages\/4386","targetHints":{"allow":["GET"]}}],"collection":[{"href":"https:\/\/ppgeducacaocptl.ufms.br\/en\/wp-json\/wp\/v2\/pages"}],"about":[{"href":"https:\/\/ppgeducacaocptl.ufms.br\/en\/wp-json\/wp\/v2\/types\/page"}],"author":[{"embeddable":true,"href":"https:\/\/ppgeducacaocptl.ufms.br\/en\/wp-json\/wp\/v2\/users\/6070"}],"replies":[{"embeddable":true,"href":"https:\/\/ppgeducacaocptl.ufms.br\/en\/wp-json\/wp\/v2\/comments?post=4386"}],"version-history":[{"count":1,"href":"https:\/\/ppgeducacaocptl.ufms.br\/en\/wp-json\/wp\/v2\/pages\/4386\/revisions"}],"predecessor-version":[{"id":4393,"href":"https:\/\/ppgeducacaocptl.ufms.br\/en\/wp-json\/wp\/v2\/pages\/4386\/revisions\/4393"}],"wp:attachment":[{"href":"https:\/\/ppgeducacaocptl.ufms.br\/en\/wp-json\/wp\/v2\/media?parent=4386"}],"wp:term":[{"taxonomy":"author","embeddable":true,"href":"https:\/\/ppgeducacaocptl.ufms.br\/en\/wp-json\/wp\/v2\/coauthors?post=4386"}],"curies":[{"name":"wp","href":"https:\/\/api.w.org\/{rel}","templated":true}]}}