{"id":56,"date":"2019-04-10T16:24:50","date_gmt":"2019-04-10T20:24:50","guid":{"rendered":"https:\/\/ppgeducacaocptl.ufms.br\/?page_id=56"},"modified":"2022-09-14T20:16:23","modified_gmt":"2022-09-15T00:16:23","slug":"contato","status":"publish","type":"page","link":"https:\/\/ppgeducacaocptl.ufms.br\/en\/contato\/","title":{"rendered":"Contato"},"content":{"rendered":"<div id=\"m_-8318874019459327561yui_3_16_0_ym19_1_1548346537690_67712\" dir=\"ltr\"><\/div>\n<div dir=\"ltr\">\n<div><b><span style=\"color: #000000;font-family: tahoma, sans-serif\">SECRETARIA DE P\u00d3S-GRADUA\u00c7\u00c3O<\/span><\/b><\/div>\n<div><\/div>\n<div><span style=\"color: #000000;font-family: tahoma, sans-serif\">(67) 3509-3701 \/ (67) 3509-3763<\/span><\/div>\n<div><\/div>\n<div>E-mail: ppgedu.cptl@ufms.br<\/div>\n<\/div>\n<div><\/div>\n<div>\n<p>Endere\u00e7o:<\/p>\n<div><span style=\"color: #000000;font-family: tahoma, sans-serif\">Av. Ranulpho Marques Leal, 3484,\u00a0<\/span><\/div>\n<div><span style=\"color: #000000;font-family: tahoma, sans-serif\">UFMS\/CPTL\/Unidade II\/Bloco III<\/span>\u2013 Distrito Industrial<\/div>\n<p><span style=\"color: #000000;font-family: tahoma, sans-serif\">CEP: 79613-000, <\/span>Tr\u00eas Lagoas\/MS\/Brasil<\/p>\n<\/div>\n<div dir=\"ltr\">\u00a0______________________________________________________________<\/div>\n<div dir=\"ltr\"><strong>COORDENA\u00c7\u00c3O<\/strong><\/div>\n<div dir=\"ltr\"><\/div>\n<div dir=\"ltr\">\u00a0Prof. Dr. Paulo Fioravante Giareta<\/div>\n<div dir=\"ltr\"><\/div>\n<div dir=\"ltr\">E-mail: paulo.giareta@ufms.br<\/div>\n<div dir=\"ltr\"><\/div>\n<div dir=\"ltr\">\n<p>&nbsp;<\/p>\n<\/div>\n","protected":false},"excerpt":{"rendered":"<p>SECRETARIA DE P\u00d3S-GRADUA\u00c7\u00c3O (67) 3509-3701 \/ (67) 3509-3763 E-mail: ppgedu.cptl@ufms.br Endere\u00e7o: Av. Ranulpho Marques Leal, 3484,\u00a0 UFMS\/CPTL\/Unidade II\/Bloco III\u2013 Distrito Industrial CEP: 79613-000, Tr\u00eas Lagoas\/MS\/Brasil \u00a0______________________________________________________________ COORDENA\u00c7\u00c3O \u00a0Prof. Dr. Paulo Fioravante Giareta E-mail: paulo.giareta@ufms.br &nbsp;<\/p>\n","protected":false},"author":5806,"featured_media":0,"parent":0,"menu_order":0,"comment_status":"closed","ping_status":"closed","template":"","meta":{"footnotes":""},"coauthors":[17],"class_list":["post-56","page","type-page","status-publish","hentry"],"_links":{"self":[{"href":"https:\/\/ppgeducacaocptl.ufms.br\/en\/wp-json\/wp\/v2\/pages\/56","targetHints":{"allow":["GET"]}}],"collection":[{"href":"https:\/\/ppgeducacaocptl.ufms.br\/en\/wp-json\/wp\/v2\/pages"}],"about":[{"href":"https:\/\/ppgeducacaocptl.ufms.br\/en\/wp-json\/wp\/v2\/types\/page"}],"author":[{"embeddable":true,"href":"https:\/\/ppgeducacaocptl.ufms.br\/en\/wp-json\/wp\/v2\/users\/5806"}],"replies":[{"embeddable":true,"href":"https:\/\/ppgeducacaocptl.ufms.br\/en\/wp-json\/wp\/v2\/comments?post=56"}],"version-history":[{"count":13,"href":"https:\/\/ppgeducacaocptl.ufms.br\/en\/wp-json\/wp\/v2\/pages\/56\/revisions"}],"predecessor-version":[{"id":2552,"href":"https:\/\/ppgeducacaocptl.ufms.br\/en\/wp-json\/wp\/v2\/pages\/56\/revisions\/2552"}],"wp:attachment":[{"href":"https:\/\/ppgeducacaocptl.ufms.br\/en\/wp-json\/wp\/v2\/media?parent=56"}],"wp:term":[{"taxonomy":"author","embeddable":true,"href":"https:\/\/ppgeducacaocptl.ufms.br\/en\/wp-json\/wp\/v2\/coauthors?post=56"}],"curies":[{"name":"wp","href":"https:\/\/api.w.org\/{rel}","templated":true}]}}